{"id":688,"date":"2021-08-06T13:48:17","date_gmt":"2021-08-06T17:48:17","guid":{"rendered":"http:\/\/13.232.18.74\/?page_id=688"},"modified":"2025-04-24T17:32:03","modified_gmt":"2025-04-24T21:32:03","slug":"integrations","status":"publish","type":"page","link":"https:\/\/alexatranslations.com\/fr\/integrations\/","title":{"rendered":"Int\u00e9grations de syst\u00e8mes"},"content":{"rendered":"","protected":false},"excerpt":{"rendered":"","protected":false},"author":2,"featured_media":5715,"parent":0,"menu_order":0,"comment_status":"closed","ping_status":"closed","template":"","meta":{"_acf_changed":false,"content-type":"","footnotes":""},"class_list":["post-688","page","type-page","status-publish","has-post-thumbnail","hentry"],"acf":[],"yoast_head":"<!-- This site is optimized with the Yoast SEO Premium plugin v26.8 (Yoast SEO v26.8) - https:\/\/yoast.com\/product\/yoast-seo-premium-wordpress\/ -->\n<title>Alexa Translations A.I. | Platform Integrations<\/title>\n<meta name=\"description\" content=\"Our A.I. platform offers new technical integrations and enhanced API functionality. Click here to check them out!\" \/>\n<meta name=\"robots\" content=\"index, follow, max-snippet:-1, max-image-preview:large, max-video-preview:-1\" \/>\n<link rel=\"canonical\" href=\"https:\/\/alexatranslations.com\/fr\/integrations\/\" \/>\n<meta property=\"og:locale\" content=\"fr_CA\" \/>\n<meta property=\"og:type\" content=\"article\" \/>\n<meta property=\"og:title\" content=\"Integrations - Alexa Translations\" \/>\n<meta property=\"og:description\" content=\"Integrations\" \/>\n<meta property=\"og:url\" content=\"https:\/\/alexatranslations.com\/fr\/integrations\/\" \/>\n<meta property=\"og:site_name\" content=\"Alexa Translations\" \/>\n<meta property=\"article:publisher\" content=\"https:\/\/facebook.com\/alexatranslations\" \/>\n<meta property=\"article:modified_time\" content=\"2025-04-24T21:32:03+00:00\" \/>\n<meta property=\"og:image\" content=\"https:\/\/alexatranslations.com\/wp-content\/uploads\/2021\/09\/Group-331.jpg\" \/>\n\t<meta property=\"og:image:width\" content=\"1920\" \/>\n\t<meta property=\"og:image:height\" content=\"1080\" \/>\n\t<meta property=\"og:image:type\" content=\"image\/jpeg\" \/>\n<meta name=\"twitter:card\" content=\"summary_large_image\" \/>\n<meta name=\"twitter:site\" content=\"@alexatranslate\" \/>\n<meta name=\"twitter:label1\" content=\"Estimation du temps de lecture\" \/>\n\t<meta name=\"twitter:data1\" content=\"6 minutes\" \/>\n<!-- \/ Yoast SEO Premium plugin. -->","yoast_head_json":{"title":"Alexa Translations A.I. | Platform Integrations","description":"Notre plateforme d'intelligence artificielle offre de nouvelles int\u00e9grations techniques et une fonctionnalit\u00e9 API am\u00e9lior\u00e9e. Cliquez ici pour les d\u00e9couvrir !","robots":{"index":"index","follow":"follow","max-snippet":"max-snippet:-1","max-image-preview":"max-image-preview:large","max-video-preview":"max-video-preview:-1"},"canonical":"https:\/\/alexatranslations.com\/fr\/integrations\/","og_locale":"fr_CA","og_type":"article","og_title":"Integrations - Alexa Translations","og_description":"Integrations","og_url":"https:\/\/alexatranslations.com\/fr\/integrations\/","og_site_name":"Alexa Translations","article_publisher":"https:\/\/facebook.com\/alexatranslations","article_modified_time":"2025-04-24T21:32:03+00:00","og_image":[{"width":1920,"height":1080,"url":"https:\/\/alexatranslations.com\/wp-content\/uploads\/2021\/09\/Group-331.jpg","type":"image\/jpeg"}],"twitter_card":"summary_large_image","twitter_site":"@alexatranslate","twitter_misc":{"Estimation du temps de lecture":"6 minutes"},"schema":{"@context":"https:\/\/schema.org","@graph":[{"@type":"WebPage","@id":"https:\/\/alexatranslations.com\/fr\/integrations\/","url":"https:\/\/alexatranslations.com\/integrations\/","name":"Alexa Translations A.I. | Platform Integrations","isPartOf":{"@id":"https:\/\/alexatranslations.com\/#website"},"primaryImageOfPage":{"@id":"https:\/\/alexatranslations.com\/integrations\/#primaryimage"},"image":{"@id":"https:\/\/alexatranslations.com\/integrations\/#primaryimage"},"thumbnailUrl":"https:\/\/alexatranslations.com\/wp-content\/uploads\/2021\/09\/Group-331.jpg","datePublished":"2021-08-06T17:48:17+00:00","dateModified":"2025-04-24T21:32:03+00:00","description":"Notre plateforme d'intelligence artificielle offre de nouvelles int\u00e9grations techniques et une fonctionnalit\u00e9 API am\u00e9lior\u00e9e. Cliquez ici pour les d\u00e9couvrir !","breadcrumb":{"@id":"https:\/\/alexatranslations.com\/integrations\/#breadcrumb"},"inLanguage":"fr-CA","potentialAction":[{"@type":"ReadAction","target":["https:\/\/alexatranslations.com\/integrations\/"]}]},{"@type":"ImageObject","inLanguage":"fr-CA","@id":"https:\/\/alexatranslations.com\/integrations\/#primaryimage","url":"https:\/\/alexatranslations.com\/wp-content\/uploads\/2021\/09\/Group-331.jpg","contentUrl":"https:\/\/alexatranslations.com\/wp-content\/uploads\/2021\/09\/Group-331.jpg","width":1920,"height":1080},{"@type":"BreadcrumbList","@id":"https:\/\/alexatranslations.com\/integrations\/#breadcrumb","itemListElement":[{"@type":"ListItem","position":1,"name":"Home","item":"https:\/\/alexatranslations.com\/"},{"@type":"ListItem","position":2,"name":"Integrations"}]},{"@type":"WebSite","@id":"https:\/\/alexatranslations.com\/#website","url":"https:\/\/alexatranslations.com\/","name":"Alexa Translations","description":"Breaking The Language Barrier","publisher":{"@id":"https:\/\/alexatranslations.com\/#organization"},"potentialAction":[{"@type":"SearchAction","target":{"@type":"EntryPoint","urlTemplate":"https:\/\/alexatranslations.com\/?s={search_term_string}"},"query-input":{"@type":"PropertyValueSpecification","valueRequired":true,"valueName":"search_term_string"}}],"inLanguage":"fr-CA"},{"@type":"Organization","@id":"https:\/\/alexatranslations.com\/#organization","name":"Alexa Translations","url":"https:\/\/alexatranslations.com\/","logo":{"@type":"ImageObject","inLanguage":"fr-CA","@id":"https:\/\/alexatranslations.com\/#\/schema\/logo\/image\/","url":"https:\/\/alexatranslations.com\/wp-content\/uploads\/2021\/04\/Logo_AT_White.png","contentUrl":"https:\/\/alexatranslations.com\/wp-content\/uploads\/2021\/04\/Logo_AT_White.png","width":322,"height":241,"caption":"Alexa Translations"},"image":{"@id":"https:\/\/alexatranslations.com\/#\/schema\/logo\/image\/"},"sameAs":["https:\/\/facebook.com\/alexatranslations","https:\/\/x.com\/alexatranslate","https:\/\/www.instagram.com\/alexatranslations\/","https:\/\/www.linkedin.com\/company\/alexatranslations\/","https:\/\/www.youtube.com\/channel\/UCx28hVMhKHKFHesyaFVWYkA"]}]}},"_links":{"self":[{"href":"https:\/\/alexatranslations.com\/fr\/wp-json\/wp\/v2\/pages\/688","targetHints":{"allow":["GET"]}}],"collection":[{"href":"https:\/\/alexatranslations.com\/fr\/wp-json\/wp\/v2\/pages"}],"about":[{"href":"https:\/\/alexatranslations.com\/fr\/wp-json\/wp\/v2\/types\/page"}],"author":[{"embeddable":true,"href":"https:\/\/alexatranslations.com\/fr\/wp-json\/wp\/v2\/users\/2"}],"replies":[{"embeddable":true,"href":"https:\/\/alexatranslations.com\/fr\/wp-json\/wp\/v2\/comments?post=688"}],"version-history":[{"count":1,"href":"https:\/\/alexatranslations.com\/fr\/wp-json\/wp\/v2\/pages\/688\/revisions"}],"predecessor-version":[{"id":6244,"href":"https:\/\/alexatranslations.com\/fr\/wp-json\/wp\/v2\/pages\/688\/revisions\/6244"}],"wp:featuredmedia":[{"embeddable":true,"href":"https:\/\/alexatranslations.com\/fr\/wp-json\/wp\/v2\/media\/5715"}],"wp:attachment":[{"href":"https:\/\/alexatranslations.com\/fr\/wp-json\/wp\/v2\/media?parent=688"}],"curies":[{"name":"wp","href":"https:\/\/api.w.org\/{rel}","templated":true}]}}