{"id":359,"date":"2021-04-29T16:53:08","date_gmt":"2021-04-29T20:53:08","guid":{"rendered":"http:\/\/13.232.18.74\/?page_id=359"},"modified":"2025-05-05T14:40:03","modified_gmt":"2025-05-05T18:40:03","slug":"dossier-de-presse","status":"publish","type":"page","link":"https:\/\/alexatranslations.com\/fr\/media\/","title":{"rendered":"DOSSIER DE PRESSE"},"content":{"rendered":"<p><!--9e2488be--><\/p>","protected":false},"excerpt":{"rendered":"","protected":false},"author":2,"featured_media":5723,"parent":0,"menu_order":0,"comment_status":"closed","ping_status":"closed","template":"","meta":{"_acf_changed":false,"content-type":"","footnotes":""},"class_list":["post-359","page","type-page","status-publish","has-post-thumbnail","hentry"],"acf":[],"yoast_head":"<!-- This site is optimized with the Yoast SEO Premium plugin v26.8 (Yoast SEO v26.8) - https:\/\/yoast.com\/product\/yoast-seo-premium-wordpress\/ -->\n<title>Media Kit | Alexa Translations&#039; Marketing Resources<\/title>\n<meta name=\"description\" content=\"Get access to detailed information about Alexa Translation&#039;s leadership, recent press updates, as well as readily-accessible brand resources.\" \/>\n<meta name=\"robots\" content=\"index, follow, max-snippet:-1, max-image-preview:large, max-video-preview:-1\" \/>\n<link rel=\"canonical\" href=\"https:\/\/alexatranslations.com\/fr\/dossier-de-presse\/\" \/>\n<meta property=\"og:locale\" content=\"fr_CA\" \/>\n<meta property=\"og:type\" content=\"article\" \/>\n<meta property=\"og:title\" content=\"Media - Alexa Translations\" \/>\n<meta property=\"og:description\" content=\"Media\" \/>\n<meta property=\"og:url\" content=\"https:\/\/alexatranslations.com\/fr\/dossier-de-presse\/\" \/>\n<meta property=\"og:site_name\" content=\"Alexa Translations\" \/>\n<meta property=\"article:publisher\" content=\"https:\/\/facebook.com\/alexatranslations\" \/>\n<meta property=\"article:modified_time\" content=\"2025-05-05T18:40:03+00:00\" \/>\n<meta property=\"og:image\" content=\"https:\/\/alexatranslations.com\/wp-content\/uploads\/2021\/09\/Group-339.jpg\" \/>\n\t<meta property=\"og:image:width\" content=\"1920\" \/>\n\t<meta property=\"og:image:height\" content=\"1080\" \/>\n\t<meta property=\"og:image:type\" content=\"image\/jpeg\" \/>\n<meta name=\"twitter:card\" content=\"summary_large_image\" \/>\n<meta name=\"twitter:site\" content=\"@alexatranslate\" \/>\n<meta name=\"twitter:label1\" content=\"Estimation du temps de lecture\" \/>\n\t<meta name=\"twitter:data1\" content=\"11 minutes\" \/>\n<!-- \/ Yoast SEO Premium plugin. -->","yoast_head_json":{"title":"Dossier de presse | Ressources marketing d'Alexa Translations","description":"Acc\u00e9dez \u00e0 des informations d\u00e9taill\u00e9es sur la direction d'Alexa Translation, aux derni\u00e8res mises \u00e0 jour de presse, ainsi qu'\u00e0 des ressources sur la marque facilement accessibles.","robots":{"index":"index","follow":"follow","max-snippet":"max-snippet:-1","max-image-preview":"max-image-preview:large","max-video-preview":"max-video-preview:-1"},"canonical":"https:\/\/alexatranslations.com\/fr\/dossier-de-presse\/","og_locale":"fr_CA","og_type":"article","og_title":"Media - Alexa Translations","og_description":"Media","og_url":"https:\/\/alexatranslations.com\/fr\/dossier-de-presse\/","og_site_name":"Alexa Translations","article_publisher":"https:\/\/facebook.com\/alexatranslations","article_modified_time":"2025-05-05T18:40:03+00:00","og_image":[{"width":1920,"height":1080,"url":"https:\/\/alexatranslations.com\/wp-content\/uploads\/2021\/09\/Group-339.jpg","type":"image\/jpeg"}],"twitter_card":"summary_large_image","twitter_site":"@alexatranslate","twitter_misc":{"Estimation du temps de lecture":"11 minutes"},"schema":{"@context":"https:\/\/schema.org","@graph":[{"@type":"WebPage","@id":"https:\/\/alexatranslations.com\/media\/","url":"https:\/\/alexatranslations.com\/media\/","name":"Dossier de presse | Ressources marketing d'Alexa Translations","isPartOf":{"@id":"https:\/\/alexatranslations.com\/#website"},"primaryImageOfPage":{"@id":"https:\/\/alexatranslations.com\/media\/#primaryimage"},"image":{"@id":"https:\/\/alexatranslations.com\/media\/#primaryimage"},"thumbnailUrl":"https:\/\/alexatranslations.com\/wp-content\/uploads\/2021\/09\/Group-339.jpg","datePublished":"2021-04-29T20:53:08+00:00","dateModified":"2025-05-05T18:40:03+00:00","description":"Acc\u00e9dez \u00e0 des informations d\u00e9taill\u00e9es sur la direction d'Alexa Translation, aux derni\u00e8res mises \u00e0 jour de presse, ainsi qu'\u00e0 des ressources sur la marque facilement accessibles.","breadcrumb":{"@id":"https:\/\/alexatranslations.com\/media\/#breadcrumb"},"inLanguage":"fr-CA","potentialAction":[{"@type":"ReadAction","target":["https:\/\/alexatranslations.com\/media\/"]}]},{"@type":"ImageObject","inLanguage":"fr-CA","@id":"https:\/\/alexatranslations.com\/media\/#primaryimage","url":"https:\/\/alexatranslations.com\/wp-content\/uploads\/2021\/09\/Group-339.jpg","contentUrl":"https:\/\/alexatranslations.com\/wp-content\/uploads\/2021\/09\/Group-339.jpg","width":1920,"height":1080},{"@type":"BreadcrumbList","@id":"https:\/\/alexatranslations.com\/media\/#breadcrumb","itemListElement":[{"@type":"ListItem","position":1,"name":"Home","item":"https:\/\/alexatranslations.com\/"},{"@type":"ListItem","position":2,"name":"Media"}]},{"@type":"WebSite","@id":"https:\/\/alexatranslations.com\/#website","url":"https:\/\/alexatranslations.com\/","name":"Alexa Translations","description":"Breaking The Language Barrier","publisher":{"@id":"https:\/\/alexatranslations.com\/#organization"},"potentialAction":[{"@type":"SearchAction","target":{"@type":"EntryPoint","urlTemplate":"https:\/\/alexatranslations.com\/?s={search_term_string}"},"query-input":{"@type":"PropertyValueSpecification","valueRequired":true,"valueName":"search_term_string"}}],"inLanguage":"fr-CA"},{"@type":"Organization","@id":"https:\/\/alexatranslations.com\/#organization","name":"Alexa Translations","url":"https:\/\/alexatranslations.com\/","logo":{"@type":"ImageObject","inLanguage":"fr-CA","@id":"https:\/\/alexatranslations.com\/#\/schema\/logo\/image\/","url":"https:\/\/alexatranslations.com\/wp-content\/uploads\/2021\/04\/Logo_AT_White.png","contentUrl":"https:\/\/alexatranslations.com\/wp-content\/uploads\/2021\/04\/Logo_AT_White.png","width":322,"height":241,"caption":"Alexa Translations"},"image":{"@id":"https:\/\/alexatranslations.com\/#\/schema\/logo\/image\/"},"sameAs":["https:\/\/facebook.com\/alexatranslations","https:\/\/x.com\/alexatranslate","https:\/\/www.instagram.com\/alexatranslations\/","https:\/\/www.linkedin.com\/company\/alexatranslations\/","https:\/\/www.youtube.com\/channel\/UCx28hVMhKHKFHesyaFVWYkA"]}]}},"_links":{"self":[{"href":"https:\/\/alexatranslations.com\/fr\/wp-json\/wp\/v2\/pages\/359","targetHints":{"allow":["GET"]}}],"collection":[{"href":"https:\/\/alexatranslations.com\/fr\/wp-json\/wp\/v2\/pages"}],"about":[{"href":"https:\/\/alexatranslations.com\/fr\/wp-json\/wp\/v2\/types\/page"}],"author":[{"embeddable":true,"href":"https:\/\/alexatranslations.com\/fr\/wp-json\/wp\/v2\/users\/2"}],"replies":[{"embeddable":true,"href":"https:\/\/alexatranslations.com\/fr\/wp-json\/wp\/v2\/comments?post=359"}],"version-history":[{"count":3,"href":"https:\/\/alexatranslations.com\/fr\/wp-json\/wp\/v2\/pages\/359\/revisions"}],"predecessor-version":[{"id":12217,"href":"https:\/\/alexatranslations.com\/fr\/wp-json\/wp\/v2\/pages\/359\/revisions\/12217"}],"wp:featuredmedia":[{"embeddable":true,"href":"https:\/\/alexatranslations.com\/fr\/wp-json\/wp\/v2\/media\/5723"}],"wp:attachment":[{"href":"https:\/\/alexatranslations.com\/fr\/wp-json\/wp\/v2\/media?parent=359"}],"curies":[{"name":"wp","href":"https:\/\/api.w.org\/{rel}","templated":true}]}}