{"id":11704,"date":"2025-02-10T10:06:36","date_gmt":"2025-02-10T15:06:36","guid":{"rendered":"https:\/\/quirky-clouds.flywheelstaging.com\/?page_id=11704"},"modified":"2025-02-10T10:06:37","modified_gmt":"2025-02-10T15:06:37","slug":"obtenir-un-devis","status":"publish","type":"page","link":"https:\/\/alexatranslations.com\/fr\/request-a-quote\/","title":{"rendered":"Obtenir un devis"},"content":{"rendered":"","protected":false},"excerpt":{"rendered":"","protected":false},"author":33,"featured_media":5727,"parent":0,"menu_order":0,"comment_status":"closed","ping_status":"closed","template":"","meta":{"_acf_changed":false,"content-type":"","footnotes":""},"class_list":["post-11704","page","type-page","status-publish","has-post-thumbnail","hentry"],"acf":[],"yoast_head":"<!-- This site is optimized with the Yoast SEO Premium plugin v26.8 (Yoast SEO v26.8) - https:\/\/yoast.com\/product\/yoast-seo-premium-wordpress\/ -->\n<title>Request a Quote | Certified Translation Services | Domain Experts<\/title>\n<meta name=\"description\" content=\"We empower translation teams to deliver complex, industry-specific results with unmatched quality and speed. Request a quote today!\" \/>\n<meta name=\"robots\" content=\"index, follow, max-snippet:-1, max-image-preview:large, max-video-preview:-1\" \/>\n<link rel=\"canonical\" href=\"https:\/\/alexatranslations.com\/fr\/obtenir-un-devis\/\" \/>\n<meta property=\"og:locale\" content=\"fr_CA\" \/>\n<meta property=\"og:type\" content=\"article\" \/>\n<meta property=\"og:title\" content=\"Request a Quote - Alexa Translations\" \/>\n<meta property=\"og:description\" content=\"Request a Quote\" \/>\n<meta property=\"og:url\" content=\"https:\/\/alexatranslations.com\/fr\/obtenir-un-devis\/\" \/>\n<meta property=\"og:site_name\" content=\"Alexa Translations\" \/>\n<meta property=\"article:publisher\" content=\"https:\/\/facebook.com\/alexatranslations\" \/>\n<meta property=\"article:modified_time\" content=\"2025-02-10T15:06:37+00:00\" \/>\n<meta property=\"og:image\" content=\"https:\/\/alexatranslations.com\/wp-content\/uploads\/2021\/09\/Group-343.jpg\" \/>\n\t<meta property=\"og:image:width\" content=\"1920\" \/>\n\t<meta property=\"og:image:height\" content=\"1087\" \/>\n\t<meta property=\"og:image:type\" content=\"image\/jpeg\" \/>\n<meta name=\"twitter:card\" content=\"summary_large_image\" \/>\n<meta name=\"twitter:site\" content=\"@alexatranslate\" \/>\n<meta name=\"twitter:label1\" content=\"Estimation du temps de lecture\" \/>\n\t<meta name=\"twitter:data1\" content=\"6 minutes\" \/>\n<!-- \/ Yoast SEO Premium plugin. -->","yoast_head_json":{"title":"Request a Quote | Certified Translation Services | Domain Experts","description":"Nous donnons aux \u00e9quipes de traduction les moyens de fournir des r\u00e9sultats complexes et sp\u00e9cifiques \u00e0 un secteur d'activit\u00e9, avec une qualit\u00e9 et une rapidit\u00e9 in\u00e9gal\u00e9es. Demandez un devis d\u00e8s aujourd'hui !","robots":{"index":"index","follow":"follow","max-snippet":"max-snippet:-1","max-image-preview":"max-image-preview:large","max-video-preview":"max-video-preview:-1"},"canonical":"https:\/\/alexatranslations.com\/fr\/obtenir-un-devis\/","og_locale":"fr_CA","og_type":"article","og_title":"Request a Quote - Alexa Translations","og_description":"Request a Quote","og_url":"https:\/\/alexatranslations.com\/fr\/obtenir-un-devis\/","og_site_name":"Alexa Translations","article_publisher":"https:\/\/facebook.com\/alexatranslations","article_modified_time":"2025-02-10T15:06:37+00:00","og_image":[{"width":1920,"height":1087,"url":"https:\/\/alexatranslations.com\/wp-content\/uploads\/2021\/09\/Group-343.jpg","type":"image\/jpeg"}],"twitter_card":"summary_large_image","twitter_site":"@alexatranslate","twitter_misc":{"Estimation du temps de lecture":"6 minutes"},"schema":{"@context":"https:\/\/schema.org","@graph":[{"@type":"WebPage","@id":"https:\/\/alexatranslations.com\/request-a-quote\/","url":"https:\/\/alexatranslations.com\/request-a-quote\/","name":"Request a Quote | Certified Translation Services | Domain Experts","isPartOf":{"@id":"https:\/\/alexatranslations.com\/#website"},"primaryImageOfPage":{"@id":"https:\/\/alexatranslations.com\/request-a-quote\/#primaryimage"},"image":{"@id":"https:\/\/alexatranslations.com\/request-a-quote\/#primaryimage"},"thumbnailUrl":"https:\/\/alexatranslations.com\/wp-content\/uploads\/2021\/09\/Group-343.jpg","datePublished":"2025-02-10T15:06:36+00:00","dateModified":"2025-02-10T15:06:37+00:00","description":"Nous donnons aux \u00e9quipes de traduction les moyens de fournir des r\u00e9sultats complexes et sp\u00e9cifiques \u00e0 un secteur d'activit\u00e9, avec une qualit\u00e9 et une rapidit\u00e9 in\u00e9gal\u00e9es. Demandez un devis d\u00e8s aujourd'hui !","breadcrumb":{"@id":"https:\/\/alexatranslations.com\/request-a-quote\/#breadcrumb"},"inLanguage":"fr-CA","potentialAction":[{"@type":"ReadAction","target":["https:\/\/alexatranslations.com\/request-a-quote\/"]}]},{"@type":"ImageObject","inLanguage":"fr-CA","@id":"https:\/\/alexatranslations.com\/request-a-quote\/#primaryimage","url":"https:\/\/alexatranslations.com\/wp-content\/uploads\/2021\/09\/Group-343.jpg","contentUrl":"https:\/\/alexatranslations.com\/wp-content\/uploads\/2021\/09\/Group-343.jpg","width":1920,"height":1087},{"@type":"BreadcrumbList","@id":"https:\/\/alexatranslations.com\/request-a-quote\/#breadcrumb","itemListElement":[{"@type":"ListItem","position":1,"name":"Home","item":"https:\/\/alexatranslations.com\/"},{"@type":"ListItem","position":2,"name":"Request a Quote"}]},{"@type":"WebSite","@id":"https:\/\/alexatranslations.com\/#website","url":"https:\/\/alexatranslations.com\/","name":"Alexa Translations","description":"Breaking The Language Barrier","publisher":{"@id":"https:\/\/alexatranslations.com\/#organization"},"potentialAction":[{"@type":"SearchAction","target":{"@type":"EntryPoint","urlTemplate":"https:\/\/alexatranslations.com\/?s={search_term_string}"},"query-input":{"@type":"PropertyValueSpecification","valueRequired":true,"valueName":"search_term_string"}}],"inLanguage":"fr-CA"},{"@type":"Organization","@id":"https:\/\/alexatranslations.com\/#organization","name":"Alexa Translations","url":"https:\/\/alexatranslations.com\/","logo":{"@type":"ImageObject","inLanguage":"fr-CA","@id":"https:\/\/alexatranslations.com\/#\/schema\/logo\/image\/","url":"https:\/\/alexatranslations.com\/wp-content\/uploads\/2021\/04\/Logo_AT_White.png","contentUrl":"https:\/\/alexatranslations.com\/wp-content\/uploads\/2021\/04\/Logo_AT_White.png","width":322,"height":241,"caption":"Alexa Translations"},"image":{"@id":"https:\/\/alexatranslations.com\/#\/schema\/logo\/image\/"},"sameAs":["https:\/\/facebook.com\/alexatranslations","https:\/\/x.com\/alexatranslate","https:\/\/www.instagram.com\/alexatranslations\/","https:\/\/www.linkedin.com\/company\/alexatranslations\/","https:\/\/www.youtube.com\/channel\/UCx28hVMhKHKFHesyaFVWYkA"]}]}},"_links":{"self":[{"href":"https:\/\/alexatranslations.com\/fr\/wp-json\/wp\/v2\/pages\/11704","targetHints":{"allow":["GET"]}}],"collection":[{"href":"https:\/\/alexatranslations.com\/fr\/wp-json\/wp\/v2\/pages"}],"about":[{"href":"https:\/\/alexatranslations.com\/fr\/wp-json\/wp\/v2\/types\/page"}],"author":[{"embeddable":true,"href":"https:\/\/alexatranslations.com\/fr\/wp-json\/wp\/v2\/users\/33"}],"replies":[{"embeddable":true,"href":"https:\/\/alexatranslations.com\/fr\/wp-json\/wp\/v2\/comments?post=11704"}],"version-history":[{"count":1,"href":"https:\/\/alexatranslations.com\/fr\/wp-json\/wp\/v2\/pages\/11704\/revisions"}],"predecessor-version":[{"id":11729,"href":"https:\/\/alexatranslations.com\/fr\/wp-json\/wp\/v2\/pages\/11704\/revisions\/11729"}],"wp:featuredmedia":[{"embeddable":true,"href":"https:\/\/alexatranslations.com\/fr\/wp-json\/wp\/v2\/media\/5727"}],"wp:attachment":[{"href":"https:\/\/alexatranslations.com\/fr\/wp-json\/wp\/v2\/media?parent=11704"}],"curies":[{"name":"wp","href":"https:\/\/api.w.org\/{rel}","templated":true}]}}